{"id":30754,"date":"2018-07-08T17:46:04","date_gmt":"2018-07-08T17:46:04","guid":{"rendered":"https:\/\/derecho.ucr.ac.cr\/accion-social\/?page_id=30754"},"modified":"2019-07-03T02:13:10","modified_gmt":"2019-07-03T02:13:10","slug":"opinion","status":"publish","type":"page","link":"https:\/\/derecho.ucr.ac.cr\/accion-social\/opinion\/","title":{"rendered":"Opini\u00f3n"},"content":{"rendered":"<p>[et_pb_section fb_built=\u00bb1&#8243; custom_padding_last_edited=\u00bbon|phone\u00bb admin_label=\u00bbSection #1 &#8211; Header\u00bb _builder_version=\u00bb3.22.3&#8243; background_color=\u00bb#ffffff\u00bb background_image=\u00bbhttps:\/\/derecho.ucr.ac.cr\/accion-social\/wp-content\/uploads\/2018\/07\/blog.jpg\u00bb custom_padding=\u00bb100px||300px|\u00bb custom_padding_tablet=\u00bb100px||200px|\u00bb custom_padding_phone=\u00bb100px||100px|\u00bb transparent_background=\u00bboff\u00bb collapsed=\u00bboff\u00bb][et_pb_row admin_label=\u00bbrow\u00bb _builder_version=\u00bb3.25&#8243;][et_pb_column type=\u00bb4_4&#8243; _builder_version=\u00bb3.25&#8243; custom_padding=\u00bb|||\u00bb custom_padding__hover=\u00bb|||\u00bb][et_pb_text admin_label=\u00bbAcerca de\u00bb _builder_version=\u00bb3.9&#8243; text_font=\u00bbPT Sans||||||||\u00bb header_font=\u00bbPT Sans|700|||||||\u00bb header_font_size=\u00bb60&#8243; text_orientation=\u00bbright\u00bb background_layout=\u00bbdark\u00bb custom_margin=\u00bb||5px|\u00bb header_font_size_tablet=\u00bb45&#8243; header_font_size_phone=\u00bb32&#8243; header_font_size_last_edited=\u00bbon|tablet\u00bb use_border_color=\u00bboff\u00bb border_color=\u00bb#ffffff\u00bb border_style=\u00bbsolid\u00bb]<\/p>\n<h1>Nuestra secci\u00f3n de noticias<\/h1>\n<p>[\/et_pb_text][et_pb_text admin_label=\u00bbNuestra raz\u00f3n de ser \u00bb _builder_version=\u00bb3.25.3&#8243; text_font=\u00bbPT Sans||||||||\u00bb text_font_size=\u00bb20&#8243; text_orientation=\u00bbright\u00bb background_layout=\u00bbdark\u00bb use_border_color=\u00bboff\u00bb border_color=\u00bb#ffffff\u00bb border_style=\u00bbsolid\u00bb]<\/p>\n<p>Lo referente sobre el quehacer de Acci\u00f3n Social.<\/p>\n<p>[\/et_pb_text][\/et_pb_column][\/et_pb_row][\/et_pb_section][et_pb_section fb_built=\u00bb1&#8243; custom_padding_last_edited=\u00bbon|phone\u00bb admin_label=\u00bbSection #2 &#8211; Page Title\u00bb _builder_version=\u00bb3.22.3&#8243; background_color=\u00bbrgba(255,255,255,0)\u00bb custom_padding=\u00bb0px||0px|\u00bb custom_padding_tablet=\u00bb0px||0px|\u00bb custom_css_main_element=\u00bbmargin-top: -10%;\u00bb transparent_background=\u00bbon\u00bb padding_mobile=\u00bbon\u00bb make_fullwidth=\u00bboff\u00bb use_custom_width=\u00bboff\u00bb width_unit=\u00bbon\u00bb collapsed=\u00bboff\u00bb][et_pb_row use_custom_gutter=\u00bbon\u00bb gutter_width=\u00bb1&#8243; custom_padding=\u00bb0px||0px|\u00bb padding_mobile=\u00bbon\u00bb make_equal=\u00bbon\u00bb admin_label=\u00bbRow\u00bb _builder_version=\u00bb3.25&#8243; background_size=\u00bbinitial\u00bb background_position=\u00bbtop_left\u00bb background_repeat=\u00bbrepeat\u00bb custom_css_main_element=\u00bbz-index:2;||position:relative;\u00bb custom_width_px=\u00bb900px\u00bb column_structure=\u00bb1_3,2_3&#8243;][et_pb_column type=\u00bb1_3&#8243; _builder_version=\u00bb3.25&#8243; background_color=\u00bb#951321&#8243; custom_padding=\u00bb30px|20px|30px|20px\u00bb custom_css_main_element=\u00bbposition:relative;\u00bb custom_padding__hover=\u00bb|||\u00bb][et_pb_text admin_label=\u00bbOur Firm\u00bb _builder_version=\u00bb3.9&#8243; text_font=\u00bbPT Sans|700|||||||\u00bb text_font_size=\u00bb29&#8243; header_font=\u00bbBree Serif||||\u00bb background_size=\u00bbinitial\u00bb background_position=\u00bbtop_left\u00bb background_repeat=\u00bbrepeat\u00bb background_layout=\u00bbdark\u00bb custom_padding=\u00bb||15px|\u00bb use_border_color=\u00bboff\u00bb]<\/p>\n<p>De primera mano.<\/p>\n<p>[\/et_pb_text][et_pb_divider color=\u00bb#ffffff\u00bb disabled_on=\u00bbon|on|\u00bb admin_label=\u00bbDivider Desktop\u00bb _builder_version=\u00bb3.23.4&#8243; height=\u00bb19px\u00bb custom_css_main_element=\u00bbwidth:50px;\u00bb hide_on_mobile=\u00bboff\u00bb][\/et_pb_divider][et_pb_text admin_label=\u00bbText\u00bb _builder_version=\u00bb3.9&#8243; text_font=\u00bbOpen Sans||||\u00bb background_size=\u00bbinitial\u00bb background_position=\u00bbtop_left\u00bb background_repeat=\u00bbrepeat\u00bb background_layout=\u00bbdark\u00bb custom_padding=\u00bb||15px|\u00bb use_border_color=\u00bboff\u00bb]<\/p>\n<p>Art\u00edculos de opini\u00f3n sobre las actividades y temas del \u00c1rea de Acci\u00f3n Social, escritos por nuestro equipo de colaboradores.<\/p>\n<p>[\/et_pb_text][\/et_pb_column][et_pb_column type=\u00bb2_3&#8243; _builder_version=\u00bb3.25&#8243; custom_padding=\u00bb|||\u00bb custom_padding_last_edited=\u00bbon|phone\u00bb custom_css_main_element=\u00bbposition:relative;\u00bb custom_padding__hover=\u00bb|||\u00bb][\/et_pb_column][\/et_pb_row][\/et_pb_section][et_pb_section fb_built=\u00bb1&#8243; _builder_version=\u00bb3.22.3&#8243; custom_padding=\u00bb0px||0px|\u00bb custom_css_main_element=\u00bbz-index: 10;||\u00bb][et_pb_row _builder_version=\u00bb3.25&#8243; background_size=\u00bbinitial\u00bb background_position=\u00bbtop_left\u00bb background_repeat=\u00bbrepeat\u00bb][et_pb_column type=\u00bb4_4&#8243; _builder_version=\u00bb3.25&#8243; custom_padding=\u00bb|||\u00bb custom_padding__hover=\u00bb|||\u00bb][et_pb_search exclude_pages=\u00bboff\u00bb exclude_posts=\u00bboff\u00bb show_button=\u00bboff\u00bb placeholder=\u00bbB\u00fasqueda\u00bb _builder_version=\u00bb3.23&#8243; form_field_font=\u00bbOpen Sans||||||||\u00bb form_field_font_size=\u00bb16px\u00bb border_color_all=\u00bb#eeeeee\u00bb max_width=\u00bb30%\u00bb module_alignment=\u00bbcenter\u00bb custom_css_main_element=\u00bbmargin: 0 auto;||\u00bb custom_css_input_field=\u00bbborder-radius: 60px;||\u00bb input_font=\u00bbOpen Sans||||||||\u00bb input_font_size=\u00bb16px\u00bb button_text_size__hover_enabled=\u00bboff\u00bb button_one_text_size__hover_enabled=\u00bboff\u00bb button_two_text_size__hover_enabled=\u00bboff\u00bb button_text_color__hover_enabled=\u00bboff\u00bb button_one_text_color__hover_enabled=\u00bboff\u00bb button_two_text_color__hover_enabled=\u00bboff\u00bb button_border_width__hover_enabled=\u00bboff\u00bb button_one_border_width__hover_enabled=\u00bboff\u00bb button_two_border_width__hover_enabled=\u00bboff\u00bb button_border_color__hover_enabled=\u00bboff\u00bb button_one_border_color__hover_enabled=\u00bboff\u00bb button_two_border_color__hover_enabled=\u00bboff\u00bb button_border_radius__hover_enabled=\u00bboff\u00bb button_one_border_radius__hover_enabled=\u00bboff\u00bb button_two_border_radius__hover_enabled=\u00bboff\u00bb button_letter_spacing__hover_enabled=\u00bboff\u00bb button_one_letter_spacing__hover_enabled=\u00bboff\u00bb button_two_letter_spacing__hover_enabled=\u00bboff\u00bb button_bg_color__hover_enabled=\u00bboff\u00bb button_one_bg_color__hover_enabled=\u00bboff\u00bb button_two_bg_color__hover_enabled=\u00bboff\u00bb][\/et_pb_search][\/et_pb_column][\/et_pb_row][\/et_pb_section][et_pb_section fb_built=\u00bb1&#8243; module_id=\u00bbskew\u00bb module_class=\u00bbelegantdesign\u00bb _builder_version=\u00bb3.22.3&#8243; background_color=\u00bb#f7f9fb\u00bb][et_pb_row _builder_version=\u00bb3.25&#8243; background_size=\u00bbinitial\u00bb background_position=\u00bbtop_left\u00bb background_repeat=\u00bbrepeat\u00bb][et_pb_column type=\u00bb4_4&#8243; _builder_version=\u00bb3.25&#8243; custom_padding=\u00bb|||\u00bb custom_padding__hover=\u00bb|||\u00bb][et_pb_blog fullwidth=\u00bboff\u00bb show_more=\u00bbon\u00bb show_author=\u00bboff\u00bb show_categories=\u00bboff\u00bb _builder_version=\u00bb3.9&#8243; header_level=\u00bbh4&#8243; header_font=\u00bbOpen Sans||||||||\u00bb header_text_color=\u00bb#333333&#8243; header_font_size=\u00bb26&#8243; body_font=\u00bbOpen Sans||||||||\u00bb body_text_color=\u00bb#595c60&#8243;][\/et_pb_blog][\/et_pb_column][\/et_pb_row][\/et_pb_section][et_pb_section fb_built=\u00bb1&#8243; admin_label=\u00bbSection\u00bb _builder_version=\u00bb3.10&#8243; background_color=\u00bb#2b2c2a\u00bb custom_padding=\u00bb0px||0px|\u00bb transparent_background=\u00bboff\u00bb padding_mobile=\u00bbon\u00bb global_module=\u00bb30737&#8243;][et_pb_row column_structure=\u00bb1_2,1_4,1_4&#8243; use_custom_gutter=\u00bbon\u00bb gutter_width=\u00bb2&#8243; custom_padding=\u00bb50px||50px|\u00bb padding_mobile=\u00bbon\u00bb column_padding_mobile=\u00bbon\u00bb admin_label=\u00bbRow\u00bb _builder_version=\u00bb3.25&#8243; background_size=\u00bbinitial\u00bb background_position=\u00bbtop_left\u00bb background_repeat=\u00bbrepeat\u00bb max_width=\u00bb1080px\u00bb][et_pb_column type=\u00bb1_2&#8243; _builder_version=\u00bb3.25&#8243; custom_padding=\u00bb|||\u00bb custom_padding__hover=\u00bb|||\u00bb][et_pb_image src=\u00bbhttps:\/\/derecho.ucr.ac.cr\/accion-social\/wp-content\/uploads\/2018\/07\/micro-facultad-4.png\u00bb align_tablet=\u00bbcenter\u00bb align_last_edited=\u00bbon|desktop\u00bb _builder_version=\u00bb3.23&#8243;][\/et_pb_image][et_pb_text admin_label=\u00bbText\u00bb _builder_version=\u00bb3.21.1&#8243; text_font=\u00bbSource Sans Pro||||\u00bb text_text_color=\u00bb#ffffff\u00bb text_line_height=\u00bb1.5em\u00bb max_width=\u00bb300px\u00bb custom_margin=\u00bb||30px|\u00bb custom_margin_tablet=\u00bb||10px|\u00bb custom_margin_last_edited=\u00bbon|tablet\u00bb custom_padding=\u00bb0px|||\u00bb z_index_tablet=\u00bb500&#8243; use_border_color=\u00bboff\u00bb border_color=\u00bb#ffffff\u00bb border_style=\u00bbsolid\u00bb]<\/p>\n<p>\u00a9 2019 \u00c1rea de Acci\u00f3n Social de la Facultad de Derecho. Universidad de Costa Rica. Todos los derechos reservados.<\/p>\n<p>[\/et_pb_text][et_pb_text admin_label=\u00bbText\u00bb _builder_version=\u00bb3.21.1&#8243; text_font=\u00bbSource Sans Pro||||\u00bb text_text_color=\u00bb#ffffff\u00bb text_font_size=\u00bb12&#8243; text_line_height=\u00bb1.5em\u00bb max_width=\u00bb300px\u00bb custom_padding=\u00bb0px|||\u00bb use_border_color=\u00bboff\u00bb border_color=\u00bb#ffffff\u00bb border_style=\u00bbsolid\u00bb]<\/p>\n<p>Contenido: <br \/>Dra. Marcela Moreno Buj\u00e1n. <br \/>Dise\u00f1o: Orlando Aguirre Quir\u00f3s.<\/p>\n<p>[\/et_pb_text][\/et_pb_column][et_pb_column type=\u00bb1_4&#8243; _builder_version=\u00bb3.25&#8243; custom_padding=\u00bb|||\u00bb custom_padding__hover=\u00bb|||\u00bb][et_pb_text admin_label=\u00bbText\u00bb _builder_version=\u00bb3.21.3&#8243; text_font=\u00bbOpen Sans|700|||||||\u00bb text_text_color=\u00bb#ffffff\u00bb text_font_size=\u00bb18&#8243; text_line_height=\u00bb1.4em\u00bb custom_margin=\u00bb||8px|\u00bb use_border_color=\u00bboff\u00bb border_color=\u00bb#ffffff\u00bb border_style=\u00bbsolid\u00bb]<\/p>\n<p>OTROS ENLACES<\/p>\n<p>[\/et_pb_text][et_pb_text admin_label=\u00bbText\u00bb _builder_version=\u00bb3.21.4&#8243; text_font=\u00bbSource Sans Pro||||\u00bb text_text_color=\u00bb#ffffff\u00bb text_font_size=\u00bb18&#8243; text_line_height=\u00bb2.2em\u00bb custom_padding=\u00bb0px|||\u00bb z_index_tablet=\u00bb500&#8243; use_border_color=\u00bboff\u00bb border_color=\u00bb#ffffff\u00bb border_style=\u00bbsolid\u00bb]<\/p>\n<p><span style=\"color: #ffffff;\"><a style=\"color: #ffffff;\" href=\"#\">Quienes somos<\/a><\/span><br \/>\n<span style=\"color: #ffffff;\"><a style=\"color: #ffffff;\" href=\"http:\/\/derecho.ucr.ac.cr\/\">Facultad de Derecho<\/a><\/span><br \/>\n<span style=\"color: #ffffff;\"><a style=\"color: #ffffff;\" href=\"https:\/\/www.ucr.ac.cr\/\">Universidad de Costa Rica<\/a><\/span><br \/>\n<span style=\"color: #ffffff;\"><a style=\"color: #ffffff;\" href=\"https:\/\/www.ucr.ac.cr\/accion-social\/\">Vicerrector\u00eda de Acci\u00f3n Social<\/a><\/span><br \/>\n<span style=\"color: #ffffff;\"><a style=\"color: #ffffff;\" href=\"#\">Opini\u00f3n<\/a><\/span><\/p>\n<p>[\/et_pb_text][\/et_pb_column][et_pb_column type=\u00bb1_4&#8243; _builder_version=\u00bb3.25&#8243; custom_padding=\u00bb|||\u00bb custom_padding__hover=\u00bb|||\u00bb][et_pb_text admin_label=\u00bbText\u00bb _builder_version=\u00bb3.9&#8243; text_font=\u00bbOpen Sans|700|||||||\u00bb text_text_color=\u00bb#ffffff\u00bb text_font_size=\u00bb18&#8243; text_line_height=\u00bb1.4em\u00bb custom_margin=\u00bb||8px|\u00bb use_border_color=\u00bboff\u00bb border_color=\u00bb#ffffff\u00bb border_style=\u00bbsolid\u00bb]<\/p>\n<p>SIGANOS<\/p>\n<p>[\/et_pb_text][et_pb_social_media_follow url_new_window=\u00bboff\u00bb admin_label=\u00bbSocial Media Follow\u00bb _builder_version=\u00bb3.9&#8243; link_shape=\u00bbcircle\u00bb][et_pb_social_media_follow_network social_network=\u00bbfacebook\u00bb url=\u00bbhttps:\/\/www.facebook.com\/accionsocialderechoucr\/\u00bb _builder_version=\u00bb3.9&#8243; background_color=\u00bb#0c71c3&#8243; bg_color=\u00bb#3b5998&#8243; link_shape=\u00bbcircle\u00bb follow_button=\u00bboff\u00bb url_new_window=\u00bboff\u00bb]<\/p>\n<p>facebook<\/p>\n<p>[\/et_pb_social_media_follow_network][et_pb_social_media_follow_network social_network=\u00bbinstagram\u00bb _builder_version=\u00bb3.9&#8243; background_color=\u00bb#ea2c59&#8243; link_shape=\u00bbcircle\u00bb follow_button=\u00bboff\u00bb url_new_window=\u00bboff\u00bb]<\/p>\n<p>Instagram<\/p>\n<p>[\/et_pb_social_media_follow_network][\/et_pb_social_media_follow][\/et_pb_column][\/et_pb_row][\/et_pb_section]<\/p>\n","protected":false},"excerpt":{"rendered":"<p>Nuestra secci\u00f3n de noticias Lo referente sobre el quehacer de Acci\u00f3n Social. De primera mano. Art\u00edculos de opini\u00f3n sobre las actividades y temas del \u00c1rea de Acci\u00f3n Social, escritos por nuestro equipo de colaboradores. \u00a9 2019 \u00c1rea de Acci\u00f3n Social de la Facultad de Derecho. Universidad de Costa Rica. Todos los derechos reservados.Contenido: Dra. Marcela [&hellip;]<\/p>\n","protected":false},"author":1,"featured_media":0,"parent":0,"menu_order":0,"comment_status":"closed","ping_status":"closed","template":"","meta":{"_et_pb_use_builder":"on","_et_pb_old_content":"","_et_gb_content_width":""},"_links":{"self":[{"href":"https:\/\/derecho.ucr.ac.cr\/accion-social\/wp-json\/wp\/v2\/pages\/30754"}],"collection":[{"href":"https:\/\/derecho.ucr.ac.cr\/accion-social\/wp-json\/wp\/v2\/pages"}],"about":[{"href":"https:\/\/derecho.ucr.ac.cr\/accion-social\/wp-json\/wp\/v2\/types\/page"}],"author":[{"embeddable":true,"href":"https:\/\/derecho.ucr.ac.cr\/accion-social\/wp-json\/wp\/v2\/users\/1"}],"replies":[{"embeddable":true,"href":"https:\/\/derecho.ucr.ac.cr\/accion-social\/wp-json\/wp\/v2\/comments?post=30754"}],"version-history":[{"count":16,"href":"https:\/\/derecho.ucr.ac.cr\/accion-social\/wp-json\/wp\/v2\/pages\/30754\/revisions"}],"predecessor-version":[{"id":207852,"href":"https:\/\/derecho.ucr.ac.cr\/accion-social\/wp-json\/wp\/v2\/pages\/30754\/revisions\/207852"}],"wp:attachment":[{"href":"https:\/\/derecho.ucr.ac.cr\/accion-social\/wp-json\/wp\/v2\/media?parent=30754"}],"curies":[{"name":"wp","href":"https:\/\/api.w.org\/{rel}","templated":true}]}}